{"id":595,"date":"2013-06-28T15:40:14","date_gmt":"2013-06-28T15:40:14","guid":{"rendered":"http:\/\/mediasombrasgor.com.ar\/gor\/?page_id=595"},"modified":"2025-08-25T19:34:30","modified_gmt":"2025-08-25T19:34:30","slug":"contacto","status":"publish","type":"page","link":"https:\/\/mediasombrasgor.com.ar\/gor\/contacto\/","title":{"rendered":"Contacto"},"content":{"rendered":"\t\t<div data-elementor-type=\"wp-page\" data-elementor-id=\"595\" class=\"elementor elementor-595\">\n\t\t\t\t\t\t<section class=\"elementor-section elementor-top-section elementor-element elementor-element-cc06db8 elementor-section-boxed elementor-section-height-default elementor-section-height-default\" data-id=\"cc06db8\" data-element_type=\"section\" data-e-type=\"section\">\n\t\t\t\t\t\t<div class=\"elementor-container elementor-column-gap-default\">\n\t\t\t\t\t<div class=\"elementor-column elementor-col-50 elementor-top-column elementor-element elementor-element-218c7d4\" data-id=\"218c7d4\" data-element_type=\"column\" data-e-type=\"column\">\n\t\t\t<div class=\"elementor-widget-wrap elementor-element-populated\">\n\t\t\t\t\t\t<div class=\"elementor-element elementor-element-efed47d elementor-widget elementor-widget-google_maps\" data-id=\"efed47d\" data-element_type=\"widget\" data-e-type=\"widget\" data-widget_type=\"google_maps.default\">\n\t\t\t\t<div class=\"elementor-widget-container\">\n\t\t\t\t\t\t\t<div class=\"elementor-custom-embed\">\n\t\t\t<iframe loading=\"lazy\"\n\t\t\t\t\tsrc=\"https:\/\/maps.google.com\/maps?q=Leandro%20N.%20Alem%202247%2C%20munro%20&#038;t=m&#038;z=10&#038;output=embed&#038;iwloc=near\"\n\t\t\t\t\ttitle=\"Leandro N. Alem 2247, munro \"\n\t\t\t\t\taria-label=\"Leandro N. Alem 2247, munro \"\n\t\t\t><\/iframe>\n\t\t<\/div>\n\t\t\t\t\t\t<\/div>\n\t\t\t\t<\/div>\n\t\t\t\t\t<\/div>\n\t\t<\/div>\n\t\t\t\t<div class=\"elementor-column elementor-col-50 elementor-top-column elementor-element elementor-element-beedeab\" data-id=\"beedeab\" data-element_type=\"column\" data-e-type=\"column\">\n\t\t\t<div class=\"elementor-widget-wrap elementor-element-populated\">\n\t\t\t\t\t\t<div class=\"elementor-element elementor-element-0d01e64 elementor-widget elementor-widget-text-editor\" data-id=\"0d01e64\" data-element_type=\"widget\" data-e-type=\"widget\" data-widget_type=\"text-editor.default\">\n\t\t\t\t<div class=\"elementor-widget-container\">\n\t\t\t\t\t\t\t\t\t<p><strong>Direcci\u00f3n:<\/strong> Leandro N. Alem 2247, B1605BWE Munro, Provincia de Buenos Aires.<\/p><p><strong>IMPORTANTE: Concurrir al local \u00fanicamente con cita previa<\/strong>.<\/p><p><strong>Tel\u00e9fonos \/ <\/strong><strong>WhatsApp:<\/strong><a href=\" https:\/\/wa.me\/541153345629\" target=\"_blank\" rel=\"noopener\"> 115334-5629<\/a><\/p><p><strong>Email:<\/strong><a href=\" mailto:info@mediasombrasgor.com.ar\" target=\"_blank\" rel=\"noopener\"> info@mediasombrasgor.com.ar<\/a><\/p>\t\t\t\t\t\t\t\t<\/div>\n\t\t\t\t<\/div>\n\t\t\t\t\t<\/div>\n\t\t<\/div>\n\t\t\t\t\t<\/div>\n\t\t<\/section>\n\t\t\t\t<section class=\"elementor-section elementor-top-section elementor-element elementor-element-8945eb5 elementor-section-boxed elementor-section-height-default elementor-section-height-default\" data-id=\"8945eb5\" data-element_type=\"section\" data-e-type=\"section\">\n\t\t\t\t\t\t<div class=\"elementor-container elementor-column-gap-default\">\n\t\t\t\t\t<div class=\"elementor-column elementor-col-100 elementor-top-column elementor-element elementor-element-87eeb66\" data-id=\"87eeb66\" data-element_type=\"column\" data-e-type=\"column\">\n\t\t\t<div class=\"elementor-widget-wrap elementor-element-populated\">\n\t\t\t\t\t\t<div class=\"elementor-element elementor-element-a615b06 elementor-widget-divider--view-line elementor-widget elementor-widget-divider\" data-id=\"a615b06\" data-element_type=\"widget\" data-e-type=\"widget\" data-widget_type=\"divider.default\">\n\t\t\t\t<div class=\"elementor-widget-container\">\n\t\t\t\t\t\t\t<div class=\"elementor-divider\">\n\t\t\t<span class=\"elementor-divider-separator\">\n\t\t\t\t\t\t<\/span>\n\t\t<\/div>\n\t\t\t\t\t\t<\/div>\n\t\t\t\t<\/div>\n\t\t\t\t\t<\/div>\n\t\t<\/div>\n\t\t\t\t\t<\/div>\n\t\t<\/section>\n\t\t\t\t<\/div>\n\t\t","protected":false},"excerpt":{"rendered":"<p>Direcci\u00f3n: Leandro N. Alem 2247, B1605BWE Munro, Provincia de Buenos Aires. IMPORTANTE: Concurrir al local \u00fanicamente con cita previa. Tel\u00e9fonos \/ WhatsApp: 115334-5629 Email: info@mediasombrasgor.com.ar<\/p>\n","protected":false},"author":1,"featured_media":0,"parent":0,"menu_order":0,"comment_status":"closed","ping_status":"closed","template":"","meta":{"inspiro_hide_title":false,"_joinchat":[],"footnotes":""},"class_list":["post-595","page","type-page","status-publish","hentry"],"featured_media_urls":[],"_links":{"self":[{"href":"https:\/\/mediasombrasgor.com.ar\/gor\/wp-json\/wp\/v2\/pages\/595","targetHints":{"allow":["GET"]}}],"collection":[{"href":"https:\/\/mediasombrasgor.com.ar\/gor\/wp-json\/wp\/v2\/pages"}],"about":[{"href":"https:\/\/mediasombrasgor.com.ar\/gor\/wp-json\/wp\/v2\/types\/page"}],"author":[{"embeddable":true,"href":"https:\/\/mediasombrasgor.com.ar\/gor\/wp-json\/wp\/v2\/users\/1"}],"replies":[{"embeddable":true,"href":"https:\/\/mediasombrasgor.com.ar\/gor\/wp-json\/wp\/v2\/comments?post=595"}],"version-history":[{"count":20,"href":"https:\/\/mediasombrasgor.com.ar\/gor\/wp-json\/wp\/v2\/pages\/595\/revisions"}],"predecessor-version":[{"id":1692,"href":"https:\/\/mediasombrasgor.com.ar\/gor\/wp-json\/wp\/v2\/pages\/595\/revisions\/1692"}],"wp:attachment":[{"href":"https:\/\/mediasombrasgor.com.ar\/gor\/wp-json\/wp\/v2\/media?parent=595"}],"curies":[{"name":"wp","href":"https:\/\/api.w.org\/{rel}","templated":true}]}}